{"id":27,"date":"2011-04-06T14:48:38","date_gmt":"2011-04-06T14:48:38","guid":{"rendered":"http:\/\/www.aloardi.org\/wp\/?page_id=27"},"modified":"2022-04-05T08:25:55","modified_gmt":"2022-04-05T08:25:55","slug":"proyectos","status":"publish","type":"page","link":"https:\/\/www.aloardi.org\/wp\/proyectos\/","title":{"rendered":"Proyectos"},"content":{"rendered":"<p><strong>Estamos trabajando para poner en linea contenidos relacionados a los proyectos de Aloardi, por ahora puedes encontrar aqu\u00ed una lista y un resumen con los mas importantes.<\/p>\n<p><em>We are working to put online content related to Aloardi projects, for now you can find here a list with a summary. Most information is still in Spanish, for questions regarding our projects, don\u2019t hesitate to email us to aloardi@gmail.com.<\/em><br \/>\n<\/strong><\/p>\n<p><strong>_________________________________________________________________________________________<\/strong><\/p>\n<p><a href=\"http:\/\/www.aloardi.org\/wp\/2016\/02\/aloardi-exchange-program-2016\/\" target=\"_blank\" rel=\"noopener noreferrer\">Aloardi Exchange Programme<\/a> <a href=\"http:\/\/www.aloardi.org\/wp\/2016\/02\/aloardi-exchange-program-2016\/\" target=\"_blank\" rel=\"noopener noreferrer\">2016<\/a> y <a href=\"http:\/\/www.aloardi.org\/wp\/2017\/11\/aloardi-exchange-programme-2017-october-december-2017-rotterdam-nl\/\" target=\"_blank\" rel=\"noopener noreferrer\">2017<\/a><br \/>\nPrograma de Intercambio Aloardi 2016-17, donde se invitaron a artistas peruanos a presentar sus pr\u00e1cticas en los Pa\u00edses Bajos.<\/p>\n<p style=\"text-align: left;\"><span style=\"color: #ffffff;\"><a href=\"http:\/\/www.aloardi.org\/wp\/proyectos-mediateca\/\" target=\"_blank\" rel=\"noopener noreferrer\"><span style=\"text-decoration: underline;\"><span style=\"color: #ff0000; text-decoration: underline;\"> Aloardi Mediateca<\/span><\/span><span style=\"color: #ff0000;\"> (2015)<\/span><\/a><\/span><em> Patrimony \/ Documentation \/ Conservation \/ Internship<\/em><span style=\"color: #ffffff;\"><br \/>\n<span style=\"color: #ffffff;\">Estamos implementando un archivo con documentacion en formatos virtuales online y formatos f\u00edsicos almacenados en nuestro local, dando relevancia al trabajo de la comunidad de creaci\u00f3n y activismo art\u00edstico con la cual trabajamos desde el a\u00f1o 1998 hasta la fecha.(&#8230;)<\/span><\/span><\/p>\n<p><a href=\"http:\/\/www.aloardi.org\/wp\/residencias\/\" target=\"_blank\" rel=\"noopener noreferrer\"><span style=\"text-decoration: underline;\"><span style=\"color: #ff0000; text-decoration: underline;\"> Residencias Artisticas <\/span><\/span><span style=\"color: #ff0000;\">(2004-2015)<\/span><\/a><em> Residence \/ Research \/ Open call \/ Mentoring<\/em><br \/>\n<span style=\"color: #ffffff;\"> Programa de apoyo a comunidades internacionales de experimentaci\u00f3n social y de exploraci\u00f3n ac\u00fastica y visual(&#8230;)<\/span><\/p>\n<p><span style=\"color: #ff0000;\"><a style=\"color: #ff0000;\" href=\"http:\/\/www.aloardi.org\/wp\/2015\/01\/publicaciones\/\" target=\"_blank\" rel=\"noopener noreferrer\"><span style=\"text-decoration: underline;\"> Publicaciones<\/span> (1998-2015)<\/a> <\/span><em>Vinyls \/ CDrs \/ DVDrs \/ Cassettes \/ Free dowloads<\/em><br \/>\n<span style=\"color: #ffffff;\">Desde 1998 Aloardi ha publicado CDRs, DVDRs y casettes de fabricaci\u00f3n artesanal difundiendo la exploraci\u00f3n sonora realizada en Latino\u00e1merica y otras partes del mundo. Para esta nueva temporada publicaremos video, textos y (&#8230;)<\/span><\/p>\n<p><span style=\"text-decoration: underline;\"><span style=\"color: #ff0000; text-decoration: underline;\"> Curaduria y produccion<\/span><\/span><span style=\"color: #ff0000;\"> (1995-2015)<\/span> <em>Booking \/ Production \/ Research \/ Mentoring<\/em><br \/>\n<span style=\"color: #ffffff;\"> Proyectos curatoriales desarrolados por el colectivo y tambien en coordinaci\u00f3n con otras asociaciones para realizar exhibiciones, festivales, publicaciones (&#8230;) <\/span><\/p>\n<p><span style=\"text-decoration: underline;\"><span style=\"color: #ff0000; text-decoration: underline;\"><a style=\"color: #ff0000; text-decoration: underline;\" href=\"http:\/\/www.aloardi.org\/wp\/category\/talleres\/\" target=\"_blank\" rel=\"noopener noreferrer\"> Talleres (2004-2015)<\/a><\/span><\/span> <em>Education \/ Mentoring \/ Research<\/em><br \/>\n<span style=\"color: #ffffff;\">Se imparten talleres en centros de estudio y espacios independientes de irradiaci\u00f3n cultural. Los conocimientos compartidos van desde el uso alternativo de nuevos medios hasta la exploracion y creacion experimental (&#8230;)<\/span><\/p>\n<p><span style=\"text-decoration: underline;\"><span style=\"color: #ff0000; text-decoration: underline;\"> Conferencias <\/span><\/span><span style=\"color: #ff0000;\">(2004-2015)<\/span><em> Education \/ Research \/ \u00a0Lectures \u00a0\/ Talks<\/em><br \/>\n<span style=\"color: #ffffff;\">Conversatorios \u00a0presenciales y virtuales, referentes a los diferentes proyectos desarrollados (\u2026)<\/span><\/p>\n<p><span style=\"color: #ff0000;\"> <span style=\"text-decoration: underline;\"><a href=\"http:\/\/www.aloardi.org\/wp\/2013\/07\/el-grito-de-la-yacumama-082007\/\">El Grito de La Yacumama <\/a><\/span>(2007-2013)<\/span> <em>Research \/ Streaming \/ Field recording \/ Hydrophone \/ Electromagnetism \/ Site-specific performance \/ Hand-made tools \/ Open sound-archive<\/em><br \/>\n<span style=\"color: #ffffff;\">Investigaci\u00f3n sonora en la selva peruana, Transmitiendo v\u00eda Internet, entrevistas y grabaciones de campo de se\u00f1ales perceptibles y no perceptibles por los sentidos humanos (&#8230;)<\/span><\/p>\n<p><span style=\"color: #ffffff;\"> La Rebeli\u00f3n de los Artefactos (2010)<\/span><\/p>\n<p><span style=\"text-decoration: underline;\"><span style=\"color: #ff0000; text-decoration: underline;\">Exposici\u00f3n\u00a0<a style=\"color: #ff0000; text-decoration: underline;\" title=\"En Aloardi todo es chevere: El ruido, la Chicha y el cobrador\" href=\"http:\/\/wp.me\/p3q1Va-Jb\">En Aloardi Todo es Chevere: \u00a8El Ruido, La Chicha y El Cobrador\u00a8 (2008)<\/a><\/span><\/span><br \/>\n<span style=\"color: #ffffff;\"> Exposici\u00f3n conmemorativa por los diez primeros a\u00f1os de actividad del colectivo independiente ALOARDI y la exhibici\u00f3n de piezas\u00a0 nuevas como:<\/span><\/p>\n<p style=\"padding-left: 30px;\"><span style=\"color: #000000;\"><span style=\"color: #ff0000;\">La Intervenci\u00f3n Sonora \u00a8Sajjra\u00a8<\/span> <\/span><br \/>\n<span style=\"color: #000000;\"><span style=\"color: #ff0000;\">La\u00a0Rocola Ruidosa \u00a8Rochola\u00a8<\/span><\/span><br \/>\n<span style=\"color: #ff0000;\">El Tour\u00a0audiovisual \u00a8El ruido, la chicha y el cobrador\u00a8<\/span><\/p>\n<p><span style=\"text-decoration: underline;\"><br \/>\n<span style=\"color: #ff0000; text-decoration: underline;\">Festival Contacto : \u00a8Chicha con Limonada\u00a8 (2008)<\/span><\/span><span style=\"color: #333333;\"> \u00a0<span style=\"color: #ffffff;\"><em>Booking \/ Production \/ Research \/ Mentoring<\/em><\/span><\/span><br \/>\n<span style=\"color: #ffffff;\"> Festival de m\u00fasica experimental y popular organizado por Aloardi, realiz\u00e1ndose\u00a0una serie de conciertos y conversatorios, mostrando la\u00a0diversidad de propuestas musicales y sonoras del medio nacional e internacional.<\/span><\/p>\n<p><span style=\"text-decoration: underline;\"><span style=\"color: #ff0000; text-decoration: underline;\"><a title=\"Aloardi en VAE 10 (2006)\" href=\"http:\/\/wp.me\/p3q1Va-mm\"> Aloardi en VAE 10 (2006)<\/a><\/span><\/span><span style=\"color: #333333;\">\u00a0<span style=\"color: #ffffff;\"><em>Booking \/ Production \/ Research \/ Mentoring<\/em><\/span><\/span><br \/>\n<span style=\"color: #ffffff;\"> Como parte del D\u00e9cimo Festival Internacional de V\u00eddeo\/Arte\/Electr\u00f3nica (VAE10), \u00a0Aloardi organizo 3 ciclos de actividades, relacionadas con las artes experimentales \u00a0y la cultura alternativa, estas fueron:<\/span><\/p>\n<p style=\"padding-left: 30px;\"><span style=\"color: #ff0000;\"><a style=\"color: #ff0000;\" title=\"ruido al paso 2\" href=\"http:\/\/www.aloardi.org\/wp\/2006\/08\/ruido-al-paso-2-ecologia-sonorapaisajes-sonoros-hibridos-agosto-2006\/\">Ruido al Paso 2 Ecolog\u00eda sonora,\u00a0paisajes sonoro h\u00edbridos<\/a><\/span><br \/>\n<span style=\"color: #ff0000;\"><a style=\"color: #ff0000;\" title=\"se regala informacion\" href=\"http:\/\/www.aloardi.org\/wp\/2006\/06\/aloardi-en-vae-10-ciclo-ruido-al-paso-2-ecologia-sonorapaisajes-sonoros-hibridos\/\">Se regala informaci\u00f3n, flujos emergentes en Internet<\/a><\/span><br \/>\n<span style=\"color: #ff0000;\"><a style=\"color: #ff0000;\" title=\"huelga de compositores\" href=\"http:\/\/www.aloardi.org\/wp\/2006\/06\/ciclo-1-huelga-de-compositores\/\">Huelga de compositores, m\u00fasica generativa y alternativas en la producci\u00f3n sonora<\/a><\/span><br \/>\n<a title=\"texto completo\" href=\"http:\/\/www.aloardi.org\/wp\/wp-content\/uploads\/2006\/06\/Aloardi-en-VAE10.pdf\"><span style=\"color: #ff0000;\">Ver o descargar texto completo de Aloardi en VAE 10<\/span><br \/>\n<\/a><\/p>\n<p><span style=\"text-decoration: underline;\"><span style=\"color: #ff0000; text-decoration: underline;\">Suradio (2006)<\/span><\/span><br \/>\n<span style=\"color: #ffffff;\"> Suradio\u00a0fue un proyecto organizado por Aloardi (Per\u00fa), Microbiorecords (Venezuela) y Radiofantasmas (Colombia), el cual comprend\u00eda emisiones semanales de audio en vivo v\u00eda Internet, realizadas por productores sudamericanos independientes.<\/span><\/p>\n<p><span style=\"text-decoration: underline;\"><span style=\"color: #ff0000; text-decoration: underline;\"> Atataw! (2005-2008)<\/span><\/span><br \/>\n<span style=\"color: #ffffff;\"> ATATAW!!!, plataforma de radio en linea\u00a0creada por el colectivo Aloardi, transmitiendo entre el 2005 y el 2008,\u00a0pudi\u00e9ndose escuchar\u00a0publicaciones musicales independientes, practicas\u00a0de exploraci\u00f3n\u00a0sonora y m\u00fasica marginal del circuito Latinoamericano y mundial.<\/span><\/p>\n<p><span style=\"color: #ffffff;\"> Aloardi en VAE 8 (2004)<\/span><\/p>\n<p><a href=\"http:\/\/www.aloardi.org\/wp\/2020\/05\/cho-lo-fi-2\/\"><span style=\"text-decoration: underline;\"><span style=\"color: #ff0000; text-decoration: underline;\">Cho.Lo.Fi (2002)<\/span><\/span><\/a><br \/>\n<span style=\"color: #ffffff;\">Cho.Lo.Fi, evento organizado y producido por el Colectivo Aloardi (en esa \u00e9poca integrado por Gabriel Castillo y Sajjra Chrs Galarreta). con el objetivo\u00a0 de dar a conocer propuestas sonoras y visuales poco difundidas en el contexto peruano.<br \/>\n<\/span><\/p>\n<p><a href=\"http:\/\/www.aloardi.org\/wp\/2001\/10\/laberinto-sonoro-2001\/\" target=\"_blank\" rel=\"noopener noreferrer\"><span style=\"text-decoration: underline;\"><span style=\"color: #ff0000; text-decoration: underline;\"> Laberinto Sonoro (2001)<\/span><\/span><\/a><br \/>\n<span style=\"color: #ffffff;\"> Laberinto Sonoro fue el primer proyecto colaborativo del colectivo Medios N\u00f3mades y Aloard\u00ed. Esta Intervenci\u00f3n sonora fue ejecutada por un conjunto de artistas de sonido, performers y v\u00eddeo artistas, algunos con una formaci\u00f3n acad\u00e9mica y muchos otros autodidactas.<\/span><\/p>\n<p><span style=\"color: #ffffff;\"> Textos y ensayos (2000)<\/span><\/p>\n<p><span style=\"color: #ffffff;\"> Conciertos (1995-2015)<\/span><\/p>\n","protected":false},"excerpt":{"rendered":"<p>Estamos trabajando para poner en linea contenidos relacionados a los proyectos de Aloardi, por ahora puedes encontrar aqu\u00ed una lista y un resumen con los mas importantes. We are working to put online content related to Aloardi projects, for now you can find here a list with a summary. Most information is still in Spanish, [&hellip;]<\/p>\n","protected":false},"author":1,"featured_media":0,"parent":0,"menu_order":1,"comment_status":"closed","ping_status":"open","template":"","meta":[],"_links":{"self":[{"href":"https:\/\/www.aloardi.org\/wp\/wp-json\/wp\/v2\/pages\/27"}],"collection":[{"href":"https:\/\/www.aloardi.org\/wp\/wp-json\/wp\/v2\/pages"}],"about":[{"href":"https:\/\/www.aloardi.org\/wp\/wp-json\/wp\/v2\/types\/page"}],"author":[{"embeddable":true,"href":"https:\/\/www.aloardi.org\/wp\/wp-json\/wp\/v2\/users\/1"}],"replies":[{"embeddable":true,"href":"https:\/\/www.aloardi.org\/wp\/wp-json\/wp\/v2\/comments?post=27"}],"version-history":[{"count":225,"href":"https:\/\/www.aloardi.org\/wp\/wp-json\/wp\/v2\/pages\/27\/revisions"}],"predecessor-version":[{"id":7691,"href":"https:\/\/www.aloardi.org\/wp\/wp-json\/wp\/v2\/pages\/27\/revisions\/7691"}],"wp:attachment":[{"href":"https:\/\/www.aloardi.org\/wp\/wp-json\/wp\/v2\/media?parent=27"}],"curies":[{"name":"wp","href":"https:\/\/api.w.org\/{rel}","templated":true}]}}